{"id":1697,"date":"2021-05-05T14:16:56","date_gmt":"2021-05-05T14:16:56","guid":{"rendered":"https:\/\/demo.portutecmo.pt\/a-empresa\/"},"modified":"2023-02-07T11:04:20","modified_gmt":"2023-02-07T11:04:20","slug":"empresa","status":"publish","type":"page","link":"https:\/\/portutecmo.pt\/es\/empresa\/","title":{"rendered":"EMPRESA"},"content":{"rendered":"","protected":false},"excerpt":{"rendered":"","protected":false},"author":1,"featured_media":0,"parent":0,"menu_order":1,"comment_status":"closed","ping_status":"closed","template":"templates\/company.php","meta":{"_acf_changed":false,"inline_featured_image":false,"footnotes":""},"class_list":["post-1697","page","type-page","status-publish","hentry"],"acf":[],"yoast_head":"<!-- This site is optimized with the Yoast SEO plugin v27.3 - https:\/\/yoast.com\/product\/yoast-seo-wordpress\/ -->\n<title>Fabricante de Moldes |<\/title>\n<meta name=\"description\" content=\"Durante m\u00e1s de 20 a\u00f1os, Portutecmo ha sido un socio de confianza para desarrollar ingenier\u00eda, soluciones y moldes de inyecci\u00f3n para la industria del pl\u00e1stico.\" \/>\n<meta name=\"robots\" content=\"index, follow, max-snippet:-1, max-image-preview:large, max-video-preview:-1\" \/>\n<link rel=\"canonical\" href=\"https:\/\/portutecmo.pt\/es\/empresa\/\" \/>\n<meta property=\"og:locale\" content=\"es_ES\" \/>\n<meta property=\"og:type\" content=\"article\" \/>\n<meta property=\"og:title\" content=\"Fabricante de Moldes |\" \/>\n<meta property=\"og:description\" content=\"Durante m\u00e1s de 20 a\u00f1os, Portutecmo ha sido un socio de confianza para desarrollar ingenier\u00eda, soluciones y moldes de inyecci\u00f3n para la industria del pl\u00e1stico.\" \/>\n<meta property=\"og:url\" content=\"https:\/\/portutecmo.pt\/es\/empresa\/\" \/>\n<meta property=\"og:site_name\" content=\"Portutecmo\" \/>\n<meta property=\"article:publisher\" content=\"https:\/\/www.facebook.com\/portutecmo\" \/>\n<meta property=\"article:modified_time\" content=\"2023-02-07T11:04:20+00:00\" \/>\n<meta name=\"twitter:card\" content=\"summary_large_image\" \/>\n<!-- \/ Yoast SEO plugin. -->","yoast_head_json":{"title":"Fabricante de Moldes |","description":"Durante m\u00e1s de 20 a\u00f1os, Portutecmo ha sido un socio de confianza para desarrollar ingenier\u00eda, soluciones y moldes de inyecci\u00f3n para la industria del pl\u00e1stico.","robots":{"index":"index","follow":"follow","max-snippet":"max-snippet:-1","max-image-preview":"max-image-preview:large","max-video-preview":"max-video-preview:-1"},"canonical":"https:\/\/portutecmo.pt\/es\/empresa\/","og_locale":"es_ES","og_type":"article","og_title":"Fabricante de Moldes |","og_description":"Durante m\u00e1s de 20 a\u00f1os, Portutecmo ha sido un socio de confianza para desarrollar ingenier\u00eda, soluciones y moldes de inyecci\u00f3n para la industria del pl\u00e1stico.","og_url":"https:\/\/portutecmo.pt\/es\/empresa\/","og_site_name":"Portutecmo","article_publisher":"https:\/\/www.facebook.com\/portutecmo","article_modified_time":"2023-02-07T11:04:20+00:00","twitter_card":"summary_large_image","schema":{"@context":"https:\/\/schema.org","@graph":[{"@type":"WebPage","@id":"https:\/\/portutecmo.pt\/es\/empresa\/","url":"https:\/\/portutecmo.pt\/es\/empresa\/","name":"Fabricante de Moldes |","isPartOf":{"@id":"https:\/\/portutecmo.pt\/es\/#website"},"datePublished":"2021-05-05T14:16:56+00:00","dateModified":"2023-02-07T11:04:20+00:00","description":"Durante m\u00e1s de 20 a\u00f1os, Portutecmo ha sido un socio de confianza para desarrollar ingenier\u00eda, soluciones y moldes de inyecci\u00f3n para la industria del pl\u00e1stico.","breadcrumb":{"@id":"https:\/\/portutecmo.pt\/es\/empresa\/#breadcrumb"},"inLanguage":"es","potentialAction":[{"@type":"ReadAction","target":["https:\/\/portutecmo.pt\/es\/empresa\/"]}]},{"@type":"BreadcrumbList","@id":"https:\/\/portutecmo.pt\/es\/empresa\/#breadcrumb","itemListElement":[{"@type":"ListItem","position":1,"name":"Home","item":"https:\/\/portutecmo.pt\/es\/"},{"@type":"ListItem","position":2,"name":"EMPRESA"}]},{"@type":"WebSite","@id":"https:\/\/portutecmo.pt\/es\/#website","url":"https:\/\/portutecmo.pt\/es\/","name":"Portutecmo","description":"Innovative Engineering &amp; Moulds","publisher":{"@id":"https:\/\/portutecmo.pt\/es\/#organization"},"potentialAction":[{"@type":"SearchAction","target":{"@type":"EntryPoint","urlTemplate":"https:\/\/portutecmo.pt\/es\/?s={search_term_string}"},"query-input":{"@type":"PropertyValueSpecification","valueRequired":true,"valueName":"search_term_string"}}],"inLanguage":"es"},{"@type":"Organization","@id":"https:\/\/portutecmo.pt\/es\/#organization","name":"Portutecmo, Lda","url":"https:\/\/portutecmo.pt\/es\/","logo":{"@type":"ImageObject","inLanguage":"es","@id":"https:\/\/portutecmo.pt\/es\/#\/schema\/logo\/image\/","url":"https:\/\/portutecmo.pt\/wp-content\/uploads\/2021\/07\/Portutecmo_Logo-scaled.jpg","contentUrl":"https:\/\/portutecmo.pt\/wp-content\/uploads\/2021\/07\/Portutecmo_Logo-scaled.jpg","width":2560,"height":518,"caption":"Portutecmo, Lda"},"image":{"@id":"https:\/\/portutecmo.pt\/es\/#\/schema\/logo\/image\/"},"sameAs":["https:\/\/www.facebook.com\/portutecmo","https:\/\/www.linkedin.com\/company\/portutecmo-lda\/about\/","https:\/\/www.youtube.com\/user\/Portutecmo"]}]}},"_links":{"self":[{"href":"https:\/\/portutecmo.pt\/es\/wp-json\/wp\/v2\/pages\/1697","targetHints":{"allow":["GET"]}}],"collection":[{"href":"https:\/\/portutecmo.pt\/es\/wp-json\/wp\/v2\/pages"}],"about":[{"href":"https:\/\/portutecmo.pt\/es\/wp-json\/wp\/v2\/types\/page"}],"author":[{"embeddable":true,"href":"https:\/\/portutecmo.pt\/es\/wp-json\/wp\/v2\/users\/1"}],"replies":[{"embeddable":true,"href":"https:\/\/portutecmo.pt\/es\/wp-json\/wp\/v2\/comments?post=1697"}],"version-history":[{"count":28,"href":"https:\/\/portutecmo.pt\/es\/wp-json\/wp\/v2\/pages\/1697\/revisions"}],"predecessor-version":[{"id":121195,"href":"https:\/\/portutecmo.pt\/es\/wp-json\/wp\/v2\/pages\/1697\/revisions\/121195"}],"wp:attachment":[{"href":"https:\/\/portutecmo.pt\/es\/wp-json\/wp\/v2\/media?parent=1697"}],"curies":[{"name":"wp","href":"https:\/\/api.w.org\/{rel}","templated":true}]}}