{"id":1721,"date":"2021-05-05T14:16:45","date_gmt":"2021-05-05T14:16:45","guid":{"rendered":"https:\/\/demo.portutecmo.pt\/home\/"},"modified":"2021-08-11T09:56:39","modified_gmt":"2021-08-11T09:56:39","slug":"home","status":"publish","type":"page","link":"https:\/\/portutecmo.pt\/es\/","title":{"rendered":"Home"},"content":{"rendered":"","protected":false},"excerpt":{"rendered":"","protected":false},"author":1,"featured_media":0,"parent":0,"menu_order":0,"comment_status":"closed","ping_status":"closed","template":"","meta":{"_acf_changed":false,"inline_featured_image":false,"footnotes":""},"class_list":["post-1721","page","type-page","status-publish","hentry"],"acf":[],"yoast_head":"<!-- This site is optimized with the Yoast SEO plugin v27.1.1 - https:\/\/yoast.com\/product\/yoast-seo-wordpress\/ -->\n<title>Empresa de Moldes |<\/title>\n<meta name=\"description\" content=\"Somos un socio que siempre est\u00e1 ah\u00ed, desde la concepci\u00f3n del molde hasta el producto final. Colaboramos muy estrechamente con nuestros clientes desde una fase muy inicial del proyecto para ayudarles a lograr el \u00e9xito en el desarrollo y lanzamiento de sus productos.\" \/>\n<meta name=\"robots\" content=\"index, follow, max-snippet:-1, max-image-preview:large, max-video-preview:-1\" \/>\n<link rel=\"canonical\" href=\"https:\/\/portutecmo.pt\/es\/\" \/>\n<meta property=\"og:locale\" content=\"es_ES\" \/>\n<meta property=\"og:type\" content=\"article\" \/>\n<meta property=\"og:title\" content=\"Empresa de Moldes |\" \/>\n<meta property=\"og:description\" content=\"Somos un socio que siempre est\u00e1 ah\u00ed, desde la concepci\u00f3n del molde hasta el producto final. Colaboramos muy estrechamente con nuestros clientes desde una fase muy inicial del proyecto para ayudarles a lograr el \u00e9xito en el desarrollo y lanzamiento de sus productos.\" \/>\n<meta property=\"og:url\" content=\"https:\/\/portutecmo.pt\/es\/\" \/>\n<meta property=\"og:site_name\" content=\"Portutecmo\" \/>\n<meta property=\"article:publisher\" content=\"https:\/\/www.facebook.com\/portutecmo\" \/>\n<meta property=\"article:modified_time\" content=\"2021-08-11T09:56:39+00:00\" \/>\n<meta name=\"twitter:card\" content=\"summary_large_image\" \/>\n<!-- \/ Yoast SEO plugin. -->","yoast_head_json":{"title":"Empresa de Moldes |","description":"Somos un socio que siempre est\u00e1 ah\u00ed, desde la concepci\u00f3n del molde hasta el producto final. Colaboramos muy estrechamente con nuestros clientes desde una fase muy inicial del proyecto para ayudarles a lograr el \u00e9xito en el desarrollo y lanzamiento de sus productos.","robots":{"index":"index","follow":"follow","max-snippet":"max-snippet:-1","max-image-preview":"max-image-preview:large","max-video-preview":"max-video-preview:-1"},"canonical":"https:\/\/portutecmo.pt\/es\/","og_locale":"es_ES","og_type":"article","og_title":"Empresa de Moldes |","og_description":"Somos un socio que siempre est\u00e1 ah\u00ed, desde la concepci\u00f3n del molde hasta el producto final. Colaboramos muy estrechamente con nuestros clientes desde una fase muy inicial del proyecto para ayudarles a lograr el \u00e9xito en el desarrollo y lanzamiento de sus productos.","og_url":"https:\/\/portutecmo.pt\/es\/","og_site_name":"Portutecmo","article_publisher":"https:\/\/www.facebook.com\/portutecmo","article_modified_time":"2021-08-11T09:56:39+00:00","twitter_card":"summary_large_image","schema":{"@context":"https:\/\/schema.org","@graph":[{"@type":"WebPage","@id":"https:\/\/portutecmo.pt\/es\/","url":"https:\/\/portutecmo.pt\/es\/","name":"Empresa de Moldes |","isPartOf":{"@id":"https:\/\/portutecmo.pt\/es\/#website"},"datePublished":"2021-05-05T14:16:45+00:00","dateModified":"2021-08-11T09:56:39+00:00","description":"Somos un socio que siempre est\u00e1 ah\u00ed, desde la concepci\u00f3n del molde hasta el producto final. Colaboramos muy estrechamente con nuestros clientes desde una fase muy inicial del proyecto para ayudarles a lograr el \u00e9xito en el desarrollo y lanzamiento de sus productos.","breadcrumb":{"@id":"https:\/\/portutecmo.pt\/es\/#breadcrumb"},"inLanguage":"es","potentialAction":[{"@type":"ReadAction","target":["https:\/\/portutecmo.pt\/es\/"]}]},{"@type":"BreadcrumbList","@id":"https:\/\/portutecmo.pt\/es\/#breadcrumb","itemListElement":[{"@type":"ListItem","position":1,"name":"Home","item":"https:\/\/portutecmo.pt\/es\/"},{"@type":"ListItem","position":2,"name":"Home"}]},{"@type":"WebSite","@id":"https:\/\/portutecmo.pt\/es\/#website","url":"https:\/\/portutecmo.pt\/es\/","name":"Portutecmo","description":"Innovative Engineering &amp; Moulds","publisher":{"@id":"https:\/\/portutecmo.pt\/es\/#organization"},"potentialAction":[{"@type":"SearchAction","target":{"@type":"EntryPoint","urlTemplate":"https:\/\/portutecmo.pt\/es\/?s={search_term_string}"},"query-input":{"@type":"PropertyValueSpecification","valueRequired":true,"valueName":"search_term_string"}}],"inLanguage":"es"},{"@type":"Organization","@id":"https:\/\/portutecmo.pt\/es\/#organization","name":"Portutecmo, Lda","url":"https:\/\/portutecmo.pt\/es\/","logo":{"@type":"ImageObject","inLanguage":"es","@id":"https:\/\/portutecmo.pt\/es\/#\/schema\/logo\/image\/","url":"https:\/\/portutecmo.pt\/wp-content\/uploads\/2021\/07\/Portutecmo_Logo-scaled.jpg","contentUrl":"https:\/\/portutecmo.pt\/wp-content\/uploads\/2021\/07\/Portutecmo_Logo-scaled.jpg","width":2560,"height":518,"caption":"Portutecmo, Lda"},"image":{"@id":"https:\/\/portutecmo.pt\/es\/#\/schema\/logo\/image\/"},"sameAs":["https:\/\/www.facebook.com\/portutecmo","https:\/\/www.linkedin.com\/company\/portutecmo-lda\/about\/","https:\/\/www.youtube.com\/user\/Portutecmo"]}]}},"_links":{"self":[{"href":"https:\/\/portutecmo.pt\/es\/wp-json\/wp\/v2\/pages\/1721","targetHints":{"allow":["GET"]}}],"collection":[{"href":"https:\/\/portutecmo.pt\/es\/wp-json\/wp\/v2\/pages"}],"about":[{"href":"https:\/\/portutecmo.pt\/es\/wp-json\/wp\/v2\/types\/page"}],"author":[{"embeddable":true,"href":"https:\/\/portutecmo.pt\/es\/wp-json\/wp\/v2\/users\/1"}],"replies":[{"embeddable":true,"href":"https:\/\/portutecmo.pt\/es\/wp-json\/wp\/v2\/comments?post=1721"}],"version-history":[{"count":15,"href":"https:\/\/portutecmo.pt\/es\/wp-json\/wp\/v2\/pages\/1721\/revisions"}],"predecessor-version":[{"id":11969,"href":"https:\/\/portutecmo.pt\/es\/wp-json\/wp\/v2\/pages\/1721\/revisions\/11969"}],"wp:attachment":[{"href":"https:\/\/portutecmo.pt\/es\/wp-json\/wp\/v2\/media?parent=1721"}],"curies":[{"name":"wp","href":"https:\/\/api.w.org\/{rel}","templated":true}]}}