{"id":50,"date":"2021-05-05T14:16:56","date_gmt":"2021-05-05T14:16:56","guid":{"rendered":"https:\/\/demo.portutecmo.pt\/?page_id=50"},"modified":"2023-02-07T11:03:40","modified_gmt":"2023-02-07T11:03:40","slug":"empresa","status":"publish","type":"page","link":"https:\/\/portutecmo.pt\/pt-pt\/empresa\/","title":{"rendered":"Empresa"},"content":{"rendered":"","protected":false},"excerpt":{"rendered":"","protected":false},"author":1,"featured_media":0,"parent":0,"menu_order":1,"comment_status":"closed","ping_status":"closed","template":"templates\/company.php","meta":{"_acf_changed":false,"inline_featured_image":false,"footnotes":""},"class_list":["post-50","page","type-page","status-publish","hentry"],"acf":[],"yoast_head":"<!-- This site is optimized with the Yoast SEO plugin v27.3 - https:\/\/yoast.com\/product\/yoast-seo-wordpress\/ -->\n<title>Fabricante de Moldes |<\/title>\n<meta name=\"description\" content=\"H\u00e1 mais de 20 anos que a Portutecmo \u00e9 um parceiro de confian\u00e7a para desenvolver engenharia, solu\u00e7\u00f5es e moldes de inje\u00e7\u00e3o para a ind\u00fastria de pl\u00e1sticos\" \/>\n<meta name=\"robots\" content=\"index, follow, max-snippet:-1, max-image-preview:large, max-video-preview:-1\" \/>\n<link rel=\"canonical\" href=\"https:\/\/portutecmo.pt\/pt-pt\/empresa\/\" \/>\n<meta property=\"og:locale\" content=\"pt_PT\" \/>\n<meta property=\"og:type\" content=\"article\" \/>\n<meta property=\"og:title\" content=\"Fabricante de Moldes |\" \/>\n<meta property=\"og:description\" content=\"H\u00e1 mais de 20 anos que a Portutecmo \u00e9 um parceiro de confian\u00e7a para desenvolver engenharia, solu\u00e7\u00f5es e moldes de inje\u00e7\u00e3o para a ind\u00fastria de pl\u00e1sticos\" \/>\n<meta property=\"og:url\" content=\"https:\/\/portutecmo.pt\/pt-pt\/empresa\/\" \/>\n<meta property=\"og:site_name\" content=\"Portutecmo\" \/>\n<meta property=\"article:publisher\" content=\"https:\/\/www.facebook.com\/portutecmo\" \/>\n<meta property=\"article:modified_time\" content=\"2023-02-07T11:03:40+00:00\" \/>\n<meta name=\"twitter:card\" content=\"summary_large_image\" \/>\n<!-- \/ Yoast SEO plugin. -->","yoast_head_json":{"title":"Fabricante de Moldes |","description":"H\u00e1 mais de 20 anos que a Portutecmo \u00e9 um parceiro de confian\u00e7a para desenvolver engenharia, solu\u00e7\u00f5es e moldes de inje\u00e7\u00e3o para a ind\u00fastria de pl\u00e1sticos","robots":{"index":"index","follow":"follow","max-snippet":"max-snippet:-1","max-image-preview":"max-image-preview:large","max-video-preview":"max-video-preview:-1"},"canonical":"https:\/\/portutecmo.pt\/pt-pt\/empresa\/","og_locale":"pt_PT","og_type":"article","og_title":"Fabricante de Moldes |","og_description":"H\u00e1 mais de 20 anos que a Portutecmo \u00e9 um parceiro de confian\u00e7a para desenvolver engenharia, solu\u00e7\u00f5es e moldes de inje\u00e7\u00e3o para a ind\u00fastria de pl\u00e1sticos","og_url":"https:\/\/portutecmo.pt\/pt-pt\/empresa\/","og_site_name":"Portutecmo","article_publisher":"https:\/\/www.facebook.com\/portutecmo","article_modified_time":"2023-02-07T11:03:40+00:00","twitter_card":"summary_large_image","schema":{"@context":"https:\/\/schema.org","@graph":[{"@type":"WebPage","@id":"https:\/\/portutecmo.pt\/pt-pt\/empresa\/","url":"https:\/\/portutecmo.pt\/pt-pt\/empresa\/","name":"Fabricante de Moldes |","isPartOf":{"@id":"https:\/\/portutecmo.pt\/pt-pt\/#website"},"datePublished":"2021-05-05T14:16:56+00:00","dateModified":"2023-02-07T11:03:40+00:00","description":"H\u00e1 mais de 20 anos que a Portutecmo \u00e9 um parceiro de confian\u00e7a para desenvolver engenharia, solu\u00e7\u00f5es e moldes de inje\u00e7\u00e3o para a ind\u00fastria de pl\u00e1sticos","breadcrumb":{"@id":"https:\/\/portutecmo.pt\/pt-pt\/empresa\/#breadcrumb"},"inLanguage":"pt-PT","potentialAction":[{"@type":"ReadAction","target":["https:\/\/portutecmo.pt\/pt-pt\/empresa\/"]}]},{"@type":"BreadcrumbList","@id":"https:\/\/portutecmo.pt\/pt-pt\/empresa\/#breadcrumb","itemListElement":[{"@type":"ListItem","position":1,"name":"Home","item":"https:\/\/portutecmo.pt\/pt-pt\/"},{"@type":"ListItem","position":2,"name":"Empresa"}]},{"@type":"WebSite","@id":"https:\/\/portutecmo.pt\/pt-pt\/#website","url":"https:\/\/portutecmo.pt\/pt-pt\/","name":"Portutecmo","description":"Innovative Engineering &amp; Moulds","publisher":{"@id":"https:\/\/portutecmo.pt\/pt-pt\/#organization"},"potentialAction":[{"@type":"SearchAction","target":{"@type":"EntryPoint","urlTemplate":"https:\/\/portutecmo.pt\/pt-pt\/?s={search_term_string}"},"query-input":{"@type":"PropertyValueSpecification","valueRequired":true,"valueName":"search_term_string"}}],"inLanguage":"pt-PT"},{"@type":"Organization","@id":"https:\/\/portutecmo.pt\/pt-pt\/#organization","name":"Portutecmo, Lda","url":"https:\/\/portutecmo.pt\/pt-pt\/","logo":{"@type":"ImageObject","inLanguage":"pt-PT","@id":"https:\/\/portutecmo.pt\/pt-pt\/#\/schema\/logo\/image\/","url":"https:\/\/portutecmo.pt\/wp-content\/uploads\/2021\/07\/Portutecmo_Logo-scaled.jpg","contentUrl":"https:\/\/portutecmo.pt\/wp-content\/uploads\/2021\/07\/Portutecmo_Logo-scaled.jpg","width":2560,"height":518,"caption":"Portutecmo, Lda"},"image":{"@id":"https:\/\/portutecmo.pt\/pt-pt\/#\/schema\/logo\/image\/"},"sameAs":["https:\/\/www.facebook.com\/portutecmo","https:\/\/www.linkedin.com\/company\/portutecmo-lda\/about\/","https:\/\/www.youtube.com\/user\/Portutecmo"]}]}},"_links":{"self":[{"href":"https:\/\/portutecmo.pt\/pt-pt\/wp-json\/wp\/v2\/pages\/50","targetHints":{"allow":["GET"]}}],"collection":[{"href":"https:\/\/portutecmo.pt\/pt-pt\/wp-json\/wp\/v2\/pages"}],"about":[{"href":"https:\/\/portutecmo.pt\/pt-pt\/wp-json\/wp\/v2\/types\/page"}],"author":[{"embeddable":true,"href":"https:\/\/portutecmo.pt\/pt-pt\/wp-json\/wp\/v2\/users\/1"}],"replies":[{"embeddable":true,"href":"https:\/\/portutecmo.pt\/pt-pt\/wp-json\/wp\/v2\/comments?post=50"}],"version-history":[{"count":46,"href":"https:\/\/portutecmo.pt\/pt-pt\/wp-json\/wp\/v2\/pages\/50\/revisions"}],"predecessor-version":[{"id":121194,"href":"https:\/\/portutecmo.pt\/pt-pt\/wp-json\/wp\/v2\/pages\/50\/revisions\/121194"}],"wp:attachment":[{"href":"https:\/\/portutecmo.pt\/pt-pt\/wp-json\/wp\/v2\/media?parent=50"}],"curies":[{"name":"wp","href":"https:\/\/api.w.org\/{rel}","templated":true}]}}