{"id":52,"date":"2021-05-05T14:17:10","date_gmt":"2021-05-05T14:17:10","guid":{"rendered":"https:\/\/demo.portutecmo.pt\/?page_id=52"},"modified":"2021-07-06T14:55:52","modified_gmt":"2021-07-06T14:55:52","slug":"servicos","status":"publish","type":"page","link":"https:\/\/portutecmo.pt\/pt-pt\/servicos\/","title":{"rendered":"Servi\u00e7os"},"content":{"rendered":"","protected":false},"excerpt":{"rendered":"","protected":false},"author":1,"featured_media":0,"parent":0,"menu_order":4,"comment_status":"closed","ping_status":"closed","template":"templates\/services.php","meta":{"_acf_changed":false,"inline_featured_image":false,"footnotes":""},"class_list":["post-52","page","type-page","status-publish","hentry"],"acf":[],"yoast_head":"<!-- This site is optimized with the Yoast SEO plugin v27.1.1 - https:\/\/yoast.com\/product\/yoast-seo-wordpress\/ -->\n<title>Moldes de Inje\u00e7\u00e3o |<\/title>\n<meta name=\"description\" content=\"A nossa experi\u00eancia tornou-nos uma refer\u00eancia mundial no fornecimento Solu\u00e7\u00f5es Chave-na-M\u00e3o para moldes de inje\u00e7\u00e3o de pl\u00e1stico prontos para produ\u00e7\u00e3o em massa.\" \/>\n<meta name=\"robots\" content=\"index, follow, max-snippet:-1, max-image-preview:large, max-video-preview:-1\" \/>\n<link rel=\"canonical\" href=\"https:\/\/portutecmo.pt\/pt-pt\/servicos\/\" \/>\n<meta property=\"og:locale\" content=\"pt_PT\" \/>\n<meta property=\"og:type\" content=\"article\" \/>\n<meta property=\"og:title\" content=\"Moldes de Inje\u00e7\u00e3o |\" \/>\n<meta property=\"og:description\" content=\"A nossa experi\u00eancia tornou-nos uma refer\u00eancia mundial no fornecimento Solu\u00e7\u00f5es Chave-na-M\u00e3o para moldes de inje\u00e7\u00e3o de pl\u00e1stico prontos para produ\u00e7\u00e3o em massa.\" \/>\n<meta property=\"og:url\" content=\"https:\/\/portutecmo.pt\/pt-pt\/servicos\/\" \/>\n<meta property=\"og:site_name\" content=\"Portutecmo\" \/>\n<meta property=\"article:publisher\" content=\"https:\/\/www.facebook.com\/portutecmo\" \/>\n<meta property=\"article:modified_time\" content=\"2021-07-06T14:55:52+00:00\" \/>\n<meta name=\"twitter:card\" content=\"summary_large_image\" \/>\n<!-- \/ Yoast SEO plugin. -->","yoast_head_json":{"title":"Moldes de Inje\u00e7\u00e3o |","description":"A nossa experi\u00eancia tornou-nos uma refer\u00eancia mundial no fornecimento Solu\u00e7\u00f5es Chave-na-M\u00e3o para moldes de inje\u00e7\u00e3o de pl\u00e1stico prontos para produ\u00e7\u00e3o em massa.","robots":{"index":"index","follow":"follow","max-snippet":"max-snippet:-1","max-image-preview":"max-image-preview:large","max-video-preview":"max-video-preview:-1"},"canonical":"https:\/\/portutecmo.pt\/pt-pt\/servicos\/","og_locale":"pt_PT","og_type":"article","og_title":"Moldes de Inje\u00e7\u00e3o |","og_description":"A nossa experi\u00eancia tornou-nos uma refer\u00eancia mundial no fornecimento Solu\u00e7\u00f5es Chave-na-M\u00e3o para moldes de inje\u00e7\u00e3o de pl\u00e1stico prontos para produ\u00e7\u00e3o em massa.","og_url":"https:\/\/portutecmo.pt\/pt-pt\/servicos\/","og_site_name":"Portutecmo","article_publisher":"https:\/\/www.facebook.com\/portutecmo","article_modified_time":"2021-07-06T14:55:52+00:00","twitter_card":"summary_large_image","schema":{"@context":"https:\/\/schema.org","@graph":[{"@type":"WebPage","@id":"https:\/\/portutecmo.pt\/pt-pt\/servicos\/","url":"https:\/\/portutecmo.pt\/pt-pt\/servicos\/","name":"Moldes de Inje\u00e7\u00e3o |","isPartOf":{"@id":"https:\/\/portutecmo.pt\/pt-pt\/#website"},"datePublished":"2021-05-05T14:17:10+00:00","dateModified":"2021-07-06T14:55:52+00:00","description":"A nossa experi\u00eancia tornou-nos uma refer\u00eancia mundial no fornecimento Solu\u00e7\u00f5es Chave-na-M\u00e3o para moldes de inje\u00e7\u00e3o de pl\u00e1stico prontos para produ\u00e7\u00e3o em massa.","breadcrumb":{"@id":"https:\/\/portutecmo.pt\/pt-pt\/servicos\/#breadcrumb"},"inLanguage":"pt-PT","potentialAction":[{"@type":"ReadAction","target":["https:\/\/portutecmo.pt\/pt-pt\/servicos\/"]}]},{"@type":"BreadcrumbList","@id":"https:\/\/portutecmo.pt\/pt-pt\/servicos\/#breadcrumb","itemListElement":[{"@type":"ListItem","position":1,"name":"Home","item":"https:\/\/portutecmo.pt\/pt-pt\/"},{"@type":"ListItem","position":2,"name":"Servi\u00e7os"}]},{"@type":"WebSite","@id":"https:\/\/portutecmo.pt\/pt-pt\/#website","url":"https:\/\/portutecmo.pt\/pt-pt\/","name":"Portutecmo","description":"Innovative Engineering &amp; Moulds","publisher":{"@id":"https:\/\/portutecmo.pt\/pt-pt\/#organization"},"potentialAction":[{"@type":"SearchAction","target":{"@type":"EntryPoint","urlTemplate":"https:\/\/portutecmo.pt\/pt-pt\/?s={search_term_string}"},"query-input":{"@type":"PropertyValueSpecification","valueRequired":true,"valueName":"search_term_string"}}],"inLanguage":"pt-PT"},{"@type":"Organization","@id":"https:\/\/portutecmo.pt\/pt-pt\/#organization","name":"Portutecmo, Lda","url":"https:\/\/portutecmo.pt\/pt-pt\/","logo":{"@type":"ImageObject","inLanguage":"pt-PT","@id":"https:\/\/portutecmo.pt\/pt-pt\/#\/schema\/logo\/image\/","url":"https:\/\/portutecmo.pt\/wp-content\/uploads\/2021\/07\/Portutecmo_Logo-scaled.jpg","contentUrl":"https:\/\/portutecmo.pt\/wp-content\/uploads\/2021\/07\/Portutecmo_Logo-scaled.jpg","width":2560,"height":518,"caption":"Portutecmo, Lda"},"image":{"@id":"https:\/\/portutecmo.pt\/pt-pt\/#\/schema\/logo\/image\/"},"sameAs":["https:\/\/www.facebook.com\/portutecmo","https:\/\/www.linkedin.com\/company\/portutecmo-lda\/about\/","https:\/\/www.youtube.com\/user\/Portutecmo"]}]}},"_links":{"self":[{"href":"https:\/\/portutecmo.pt\/pt-pt\/wp-json\/wp\/v2\/pages\/52","targetHints":{"allow":["GET"]}}],"collection":[{"href":"https:\/\/portutecmo.pt\/pt-pt\/wp-json\/wp\/v2\/pages"}],"about":[{"href":"https:\/\/portutecmo.pt\/pt-pt\/wp-json\/wp\/v2\/types\/page"}],"author":[{"embeddable":true,"href":"https:\/\/portutecmo.pt\/pt-pt\/wp-json\/wp\/v2\/users\/1"}],"replies":[{"embeddable":true,"href":"https:\/\/portutecmo.pt\/pt-pt\/wp-json\/wp\/v2\/comments?post=52"}],"version-history":[{"count":3,"href":"https:\/\/portutecmo.pt\/pt-pt\/wp-json\/wp\/v2\/pages\/52\/revisions"}],"predecessor-version":[{"id":3659,"href":"https:\/\/portutecmo.pt\/pt-pt\/wp-json\/wp\/v2\/pages\/52\/revisions\/3659"}],"wp:attachment":[{"href":"https:\/\/portutecmo.pt\/pt-pt\/wp-json\/wp\/v2\/media?parent=52"}],"curies":[{"name":"wp","href":"https:\/\/api.w.org\/{rel}","templated":true}]}}